{"id":25,"date":"2020-02-04T05:57:19","date_gmt":"2020-02-04T05:57:19","guid":{"rendered":"http:\/\/bauservice-kretschmer.de.85-10-200-45.klems-medien.de\/?page_id=25"},"modified":"2023-03-26T16:48:44","modified_gmt":"2023-03-26T16:48:44","slug":"impressum","status":"publish","type":"page","link":"https:\/\/www.bauservice-kretschmer.de\/?page_id=25","title":{"rendered":"Impressum"},"content":{"rendered":"\n<figure class=\"wp-block-table\"><table class=\"\"><tbody><tr><td> Bauservice Kretschmer<br>Inh. Heiko Kretschmer<br>Lange Stra\u00dfe 32<br>01587 Riesa <\/td><td> Rechtsform: <br>Einzelunternehmen<br>Ust.-Nr: 209\/241\/08291<br>Handwerkskammer Dresden<br>HWK-Nr.&nbsp;0450379 <\/td><\/tr><tr><td> Mobil: 0162 9253870<br>Telefon: 03525 748864<br>Fax: 03525 5254220<br>e-Mail: <br>heikokretschmer (at) msn.com<br>Homepage:&nbsp;<br><a rel=\"noreferrer noopener\" href=\"https:\/\/www.bauservice-kretschmer.de\/\" target=\"_blank\">www.bauservice-kretschmer.de<\/a> <\/td><td><\/td><\/tr><\/tbody><\/table><\/figure>\n\n\n\n<p><strong>Datenschutz<br><br><\/strong>Wir, Bauservice Kretschmer, 01587 Riesa, Lange Stra\u00dfe 32&nbsp;nehmen den Schutz Ihrer pers\u00f6nlichen Daten sehr ernst und halten uns strikt an die Regeln der Datenschutzgesetze. Personenbezogene Daten werden auf dieser Webseite nur im technisch notwendigen Umfang erhoben. In keinem Fall werden die erhobenen Daten verkauft oder aus anderen Gr\u00fcnden an Dritte weitergegeben.<br><br>Die nachfolgende Erkl\u00e4rung gibt Ihnen einen \u00dcberblick dar\u00fcber, wie wir diesen Schutz gew\u00e4hrleisten und welche Art von Daten zu welchem Zweck erhoben werden.<br><br><strong>&nbsp;&nbsp;&nbsp;&nbsp; \u2022&nbsp;Datenverarbeitung auf dieser Internetseite<br><br><\/strong>Bauservice Kretschmer erhebt und speichert automatisch in ihren Server Log Files Informationen, die Ihr Browser an uns \u00fcbermittelt. Dies sind:<br><br>&nbsp;&nbsp;&nbsp;&nbsp; \u2022&nbsp;Browsertyp\/ -version<br>&nbsp;&nbsp;&nbsp;&nbsp; \u2022&nbsp;verwendetes Betriebssystem<br>&nbsp;&nbsp;&nbsp;&nbsp; \u2022&nbsp;Referrer URL (die zuvor besuchte Seite)<br>&nbsp;&nbsp;&nbsp;&nbsp; \u2022&nbsp;Hostname des zugreifenden Rechners (IP Adresse)<br>&nbsp;&nbsp;&nbsp;&nbsp; \u2022&nbsp;Uhrzeit der Serveranfrage.<br><br>Diese Daten sind f\u00fcr&nbsp;Bauservice Kretschmer&nbsp;nicht bestimmten Personen zuordenbar. Eine Zusammenf\u00fchrung dieser Daten mit anderen Datenquellen wird nicht vorgenommen, die Daten werden zudem nach einer statistischen Auswertung gel\u00f6scht.<br><br>&nbsp;&nbsp;&nbsp;&nbsp;&nbsp;<strong>\u2022&nbsp;Cookies<br><\/strong><br>Die Internetseiten verwenden an mehreren Stellen so genannte Cookies. Sie dienen dazu, unser Angebot nutzerfreundlicher, effektiver und sicherer zu machen. Cookies sind kleine Textdateien, die auf Ihrem Rechner abgelegt werden und die Ihr Browser speichert. Die meisten der von uns verwendeten Cookies sind so genannte \u201eSession-Cookies\u201c. Sie werden nach Ende Ihres Besuchs automatisch gel\u00f6scht. Cookies richten auf Ihrem Rechner keinen Schaden an und enthalten keine Viren.<br><br>&nbsp;&nbsp;&nbsp;&nbsp;&nbsp;<strong>\u2022<\/strong>&nbsp;<strong>Auskunftsrecht<\/strong><br><br>Sie haben jederzeit das Recht auf Auskunft \u00fcber die bez\u00fcglich Ihrer Person gespeicherten Daten, deren Herkunft und Empf\u00e4nger sowie den Zweck der Speicherung. Auskunft \u00fcber die gespeicherten Daten gibt der Datenschutzbeauftragte&nbsp;Bauservice Kretschmer.<br><br>&nbsp;&nbsp;&nbsp;&nbsp;&nbsp;<strong>\u2022&nbsp;Weitere Informationen<br><br><\/strong>Ihr Vertrauen ist uns wichtig. Daher m\u00f6chten wir Ihnen jederzeit Rede und Antwort bez\u00fcglich der Verarbeitung Ihrer personenbezogenen Daten stehen. Wenn Sie Fragen haben, die Ihnen diese Datenschutzerkl\u00e4rung nicht beantworten konnte oder wenn Sie zu einem Punkt vertiefte Informationen w\u00fcnschen, wenden Sie sich bitte jederzeit an den Datenschutzbeauftragten Bauservice Kretschmer.<\/p>\n\n\n\n<p>Mit Urteil vom 12. Mai 1998 &#8211; 312 O 85\/98 &#8211; &#8222;Haftung f\u00fcr Links&#8220; hat das Landgericht (LG) Hamburg entschieden, dass man durch die Anbringung eines Links, die Inhalte der gelinkten Seite ggf. mit zu verantworten hat. Dies kann &#8211; so das LG &#8211; nur dadurch verhindert werden, dass man sich ausdr\u00fccklich von diesen Inhalten distanziert. (Das Urteil ist nachzulesen unter&nbsp;<a href=\"http:\/\/www.online-recht.de\/\" target=\"_blank\" rel=\"noreferrer noopener\">www.online-recht.de<\/a>.) &#8222;Hiermit distanzieren wir uns ausdr\u00fccklich von allen Inhalten aller gelinkten Seiten auf unserer Homepage. Diese Erkl\u00e4rung gilt f\u00fcr alle auf unserer Homepage angebrachten Links.&#8220;<br><\/p>\n","protected":false},"excerpt":{"rendered":"<p>Bauservice KretschmerInh. Heiko KretschmerLange Stra\u00dfe 3201587 Riesa Rechtsform: EinzelunternehmenUst.-Nr: 209\/241\/08291Handwerkskammer DresdenHWK-Nr.&nbsp;0450379 Mobil: 0162 9253870Telefon: 03525 748864Fax: 03525 5254220e-Mail: heikokretschmer (at) msn.comHomepage:&nbsp;www.bauservice-kretschmer.de Datenschutz Wir, Bauservice Kretschmer, 01587 Riesa, Lange Stra\u00dfe 32&nbsp;nehmen den Schutz Ihrer pers\u00f6nlichen Daten sehr ernst und halten uns strikt an die Regeln der Datenschutzgesetze. Personenbezogene Daten werden auf dieser Webseite nur im technisch<span class=\"post-excerpt-end\">&hellip;<\/span><\/p>\n<p class=\"more-link\"><a href=\"https:\/\/www.bauservice-kretschmer.de\/?page_id=25\" class=\"themebutton\">Read More<\/a><\/p>\n","protected":false},"author":1,"featured_media":0,"parent":0,"menu_order":0,"comment_status":"closed","ping_status":"closed","template":"","meta":{"footnotes":""},"class_list":["post-25","page","type-page","status-publish","hentry"],"_links":{"self":[{"href":"https:\/\/www.bauservice-kretschmer.de\/index.php?rest_route=\/wp\/v2\/pages\/25","targetHints":{"allow":["GET"]}}],"collection":[{"href":"https:\/\/www.bauservice-kretschmer.de\/index.php?rest_route=\/wp\/v2\/pages"}],"about":[{"href":"https:\/\/www.bauservice-kretschmer.de\/index.php?rest_route=\/wp\/v2\/types\/page"}],"author":[{"embeddable":true,"href":"https:\/\/www.bauservice-kretschmer.de\/index.php?rest_route=\/wp\/v2\/users\/1"}],"replies":[{"embeddable":true,"href":"https:\/\/www.bauservice-kretschmer.de\/index.php?rest_route=%2Fwp%2Fv2%2Fcomments&post=25"}],"version-history":[{"count":8,"href":"https:\/\/www.bauservice-kretschmer.de\/index.php?rest_route=\/wp\/v2\/pages\/25\/revisions"}],"predecessor-version":[{"id":380,"href":"https:\/\/www.bauservice-kretschmer.de\/index.php?rest_route=\/wp\/v2\/pages\/25\/revisions\/380"}],"wp:attachment":[{"href":"https:\/\/www.bauservice-kretschmer.de\/index.php?rest_route=%2Fwp%2Fv2%2Fmedia&parent=25"}],"curies":[{"name":"wp","href":"https:\/\/api.w.org\/{rel}","templated":true}]}}